{"id":81,"date":"2024-10-01T07:16:29","date_gmt":"2024-10-01T07:16:29","guid":{"rendered":"https:\/\/okvip88.club\/?page_id=81"},"modified":"2025-03-12T18:34:51","modified_gmt":"2025-03-12T18:34:51","slug":"home-page","status":"publish","type":"page","link":"https:\/\/okvip88.club\/","title":{"rendered":"Home Page"},"content":{"rendered":"\n<div class=\"slider-wrapper relative\" id=\"slider-705134472\" >\n    <div class=\"slider slider-nav-circle slider-nav-large slider-nav-light slider-style-normal\"\n        data-flickity-options='{\n            \"cellAlign\": \"center\",\n            \"imagesLoaded\": true,\n            \"lazyLoad\": 1,\n            \"freeScroll\": false,\n            \"wrapAround\": true,\n            \"autoPlay\": 6000,\n            \"pauseAutoPlayOnHover\" : true,\n            \"prevNextButtons\": true,\n            \"contain\" : true,\n            \"adaptiveHeight\" : true,\n            \"dragThreshold\" : 10,\n            \"percentPosition\": true,\n            \"pageDots\": true,\n            \"rightToLeft\": false,\n            \"draggable\": true,\n            \"selectedAttraction\": 0.1,\n            \"parallax\" : 0,\n            \"friction\": 0.6        }'\n        >\n        \n\n\t<div class=\"img has-hover x md-x lg-x y md-y lg-y\" id=\"image_575992862\">\n\t\t\t\t\t\t\t\t<div class=\"img-inner dark\" >\n\t\t\t<img loading=\"lazy\" decoding=\"async\" width=\"2560\" height=\"608\" src=\"https:\/\/okvip88.club\/wp-content\/uploads\/2024\/10\/xeng-tai-xiu-pc-scaled-2.jpg\" class=\"attachment-original size-original\" alt=\"\" srcset=\"https:\/\/okvip88.club\/wp-content\/uploads\/2024\/10\/xeng-tai-xiu-pc-scaled-2.jpg 2560w, https:\/\/okvip88.club\/wp-content\/uploads\/2024\/10\/xeng-tai-xiu-pc-scaled-2-300x71.jpg 300w, https:\/\/okvip88.club\/wp-content\/uploads\/2024\/10\/xeng-tai-xiu-pc-scaled-2-1024x243.jpg 1024w, https:\/\/okvip88.club\/wp-content\/uploads\/2024\/10\/xeng-tai-xiu-pc-scaled-2-768x182.jpg 768w, https:\/\/okvip88.club\/wp-content\/uploads\/2024\/10\/xeng-tai-xiu-pc-scaled-2-1536x365.jpg 1536w, https:\/\/okvip88.club\/wp-content\/uploads\/2024\/10\/xeng-tai-xiu-pc-scaled-2-2048x486.jpg 2048w\" sizes=\"auto, (max-width: 2560px) 100vw, 2560px\" \/>\t\t\t\t\t\t\n\t\t\t\t\t<\/div>\n\t\t\t\t\t\t\t\t\n<style>\n#image_575992862 {\n  width: 100%;\n}\n<\/style>\n\t<\/div>\n\t\n\n\t<div class=\"img has-hover x md-x lg-x y md-y lg-y\" id=\"image_1594986475\">\n\t\t\t\t\t\t\t\t<div class=\"img-inner dark\" >\n\t\t\t<img loading=\"lazy\" decoding=\"async\" width=\"2560\" height=\"608\" src=\"https:\/\/okvip88.club\/wp-content\/uploads\/2024\/10\/alita-pc-scaled-2.jpg\" class=\"attachment-original size-original\" alt=\"\" srcset=\"https:\/\/okvip88.club\/wp-content\/uploads\/2024\/10\/alita-pc-scaled-2.jpg 2560w, https:\/\/okvip88.club\/wp-content\/uploads\/2024\/10\/alita-pc-scaled-2-300x71.jpg 300w, https:\/\/okvip88.club\/wp-content\/uploads\/2024\/10\/alita-pc-scaled-2-1024x243.jpg 1024w, https:\/\/okvip88.club\/wp-content\/uploads\/2024\/10\/alita-pc-scaled-2-768x182.jpg 768w, https:\/\/okvip88.club\/wp-content\/uploads\/2024\/10\/alita-pc-scaled-2-1536x365.jpg 1536w, https:\/\/okvip88.club\/wp-content\/uploads\/2024\/10\/alita-pc-scaled-2-2048x486.jpg 2048w\" sizes=\"auto, (max-width: 2560px) 100vw, 2560px\" \/>\t\t\t\t\t\t\n\t\t\t\t\t<\/div>\n\t\t\t\t\t\t\t\t\n<style>\n#image_1594986475 {\n  width: 100%;\n}\n<\/style>\n\t<\/div>\n\t\n\n\t<div class=\"img has-hover x md-x lg-x y md-y lg-y\" id=\"image_585248818\">\n\t\t\t\t\t\t\t\t<div class=\"img-inner dark\" >\n\t\t\t<img loading=\"lazy\" decoding=\"async\" width=\"2560\" height=\"608\" src=\"https:\/\/okvip88.club\/wp-content\/uploads\/2024\/10\/ksports-pc-scaled-2.jpg\" class=\"attachment-original size-original\" alt=\"\" srcset=\"https:\/\/okvip88.club\/wp-content\/uploads\/2024\/10\/ksports-pc-scaled-2.jpg 2560w, https:\/\/okvip88.club\/wp-content\/uploads\/2024\/10\/ksports-pc-scaled-2-300x71.jpg 300w, https:\/\/okvip88.club\/wp-content\/uploads\/2024\/10\/ksports-pc-scaled-2-1024x243.jpg 1024w, https:\/\/okvip88.club\/wp-content\/uploads\/2024\/10\/ksports-pc-scaled-2-768x182.jpg 768w, https:\/\/okvip88.club\/wp-content\/uploads\/2024\/10\/ksports-pc-scaled-2-1536x365.jpg 1536w, https:\/\/okvip88.club\/wp-content\/uploads\/2024\/10\/ksports-pc-scaled-2-2048x486.jpg 2048w\" sizes=\"auto, (max-width: 2560px) 100vw, 2560px\" \/>\t\t\t\t\t\t\n\t\t\t\t\t<\/div>\n\t\t\t\t\t\t\t\t\n<style>\n#image_585248818 {\n  width: 100%;\n}\n<\/style>\n\t<\/div>\n\t\n\n\n     <\/div>\n\n     <div class=\"loading-spin dark large centered\"><\/div>\n\n\t<\/div>\n\n\n<div class=\"row\"  id=\"row-1157702776\">\n\n\n\t<div id=\"col-2023290848\" class=\"col small-12 large-12\"  >\n\t\t\t\t<div class=\"col-inner\"  >\n\t\t\t\n\t\t\t\n\n<h1 style=\"text-align: center;\"><span style=\"color: #f7921a;\"><strong>OKVIP \u2714\ufe0f Trang Ch\u1ee7 OKVIP T\u1eb7ng 100k M\u1edbi Nh\u1ea5t 2024<\/strong><\/span><\/h1>\n<p style=\"text-align: justify;\">OKVIP l\u00e0 m\u1ed9t trong nh\u1eefng \u0111\u1ecba ch\u1ec9 website c\u00e1 c\u01b0\u1ee3c tr\u1ef1c tuy\u1ebfn h\u00e0ng \u0111\u1ea7u t\u1ea1i Vi\u1ec7t Nam, v\u1edbi giao di\u1ec7n n\u1ed5i b\u1eadt, d\u1ec5 d\u00e0ng thao t\u00e1c c\u00f9ng 2000 t\u1ef1a game \u0111\u1ec9nh cao \u0111i k\u00e8m v\u1edbi t\u1ef7 l\u1ec7 ho\u00e0n tr\u1ea3 si\u00eau h\u1ea5p d\u1eabn th\u00ec \u0111\u00e2y l\u00e0 \u0111\u1ecba \u0111i\u1ec3m c\u00e1 c\u01b0\u1ee3c l\u00fd t\u01b0\u1edfng cho kh\u00e1ch h\u00e0ng tham gia.<\/p>\n\t<div id=\"gap-1919622581\" class=\"gap-element clearfix\" style=\"display:block; height:auto;\">\n\t\t\n<style>\n#gap-1919622581 {\n  padding-top: 30px;\n}\n<\/style>\n\t<\/div>\n\t\n\n<h2 class=\"section-title section-title-center\"><b><\/b><span class=\"section-title-main\" style=\"color: #ff9100;\"><i class=\"icon-star\"><\/i>LINK TRUY C\u1eacP NH\u00c0 C\u00c1I OKVIP CH\u00cdNH TH\u1ee8C<\/span><b><\/b><\/h2>\n\n\t\t<\/div>\n\t\t\t\t\t<\/div>\n\n\t\n\n<\/div>\n<div class=\"row align-middle align-center row-dashed\"  id=\"row-1398023009\">\n\n\n\t<div id=\"col-339447566\" class=\"col medium-4 small-12 large-4\"  >\n\t\t\t\t<div class=\"col-inner\"  >\n\t\t\t\n\t\t\t\n\n<a class=\"button primary is-outline expand\"  style=\"border-radius:99px;\">\n    <span>C\u1ea7n Th\u01a1<\/span>\n  <\/a>\n\n\n\n\t\t<\/div>\n\t\t\t\t\t<\/div>\n\n\t\n\n\t<div id=\"col-147690702\" class=\"col medium-4 small-12 large-4\"  >\n\t\t\t\t<div class=\"col-inner\"  >\n\t\t\t\n\t\t\t\n\n<a class=\"button primary is-outline expand\"  style=\"border-radius:99px;\">\n    <span>\u0110\u00e0 N\u1eb5ng<\/span>\n  <\/a>\n\n\n\n\t\t<\/div>\n\t\t\t\t\t<\/div>\n\n\t\n\n\t<div id=\"col-1739327205\" class=\"col medium-4 small-12 large-4\"  >\n\t\t\t\t<div class=\"col-inner\"  >\n\t\t\t\n\t\t\t\n\n<a class=\"button primary is-outline expand\"  style=\"border-radius:99px;\">\n    <span>Nha Trang<\/span>\n  <\/a>\n\n\n\n\t\t<\/div>\n\t\t\t\t\t<\/div>\n\n\t\n\n\t<div id=\"col-789876550\" class=\"col medium-4 small-12 large-4\"  >\n\t\t\t\t<div class=\"col-inner\"  >\n\t\t\t\n\t\t\t\n\n<a class=\"button primary is-outline expand\"  style=\"border-radius:99px;\">\n    <span>Ph\u00fa Qu\u1ed1c<\/span>\n  <\/a>\n\n\n\n\t\t<\/div>\n\t\t\t\t\t<\/div>\n\n\t\n\n\t<div id=\"col-492611519\" class=\"col medium-4 small-12 large-4\"  >\n\t\t\t\t<div class=\"col-inner\"  >\n\t\t\t\n\t\t\t\n\n<a class=\"button primary is-outline expand\"  style=\"border-radius:99px;\">\n    <span>Nha Trang<\/span>\n  <\/a>\n\n\n\n\t\t<\/div>\n\t\t\t\t\t<\/div>\n\n\t\n\n\t<div id=\"col-2091961460\" class=\"col medium-4 small-12 large-4\"  >\n\t\t\t\t<div class=\"col-inner\"  >\n\t\t\t\n\t\t\t\n\n<a class=\"button primary is-outline expand\"  style=\"border-radius:99px;\">\n    <span>H\u00e0 N\u1ed9i<\/span>\n  <\/a>\n\n\n\n\t\t<\/div>\n\t\t\t\t\t<\/div>\n\n\t\n\n<\/div>\n\t<div id=\"gap-688195550\" class=\"gap-element clearfix\" style=\"display:block; height:auto;\">\n\t\t\n<style>\n#gap-688195550 {\n  padding-top: 30px;\n}\n<\/style>\n\t<\/div>\n\t\n\n<div class=\"row align-middle\"  id=\"row-1558492771\">\n\n\n\t<div id=\"col-861486712\" class=\"col medium-6 small-12 large-6\"  >\n\t\t\t\t<div class=\"col-inner\"  >\n\t\t\t\n\t\t\t\n\n<h2><span style=\"color: #ff9900;\"><strong>Gi\u1edbi Thi\u1ec7u Nh\u00e0 C\u00e1i okvip<\/strong><\/span><\/h2>\n<p style=\"text-align: justify;\"><span style=\"font-weight: 400;\"><b>OKVIP\u00a0<\/b><\/span><span style=\"font-weight: 400;\">hay c\u00f2n \u0111\u01b0\u1ee3c nhi\u1ec1u ng\u01b0\u1eddi ch\u01a1i bi\u1ebft \u0111\u1ebfn l\u00e0 T\u1eadp \u0111o\u00e0n gi\u1ea3i tr\u00ed c\u00e1 \u0111\u1ed9 OKVIP, s\u00e2n ch\u01a1i n\u00e0y \u0111\u01b0\u1ee3c th\u00e0nh l\u1eadp v\u00e0o n\u0103m 2008. Tr\u1ea3i qua qu\u00e1 tr\u00ecnh ph\u00e1t tri\u1ec3n cho \u0111\u1ebfn ng\u00e0y nay, c\u1ed5ng game \u0111\u00e3 c\u00f3 \u0111\u01b0\u1ee3c cho m\u00ecnh m\u1ed9t m\u1ea1ng l\u01b0\u1edbi r\u1ed9ng l\u1edbn. <\/span><span style=\"font-weight: 400;\">Ph\u1ea3i k\u1ec3 \u0111\u1ebfn c\u00e1c s\u00f2ng b\u00e0i tr\u1ef1c tuy\u1ebfn v\u00e0 c\u00e1c c\u00f4ng ty c\u00e1 c\u01b0\u1ee3c con nh\u01b0ng c\u00f3 quy m\u00f4 si\u00eau kh\u1ee7ng v\u01b0\u01a1n t\u1ea7m qu\u1ed1c t\u1ebf v\u1edbi h\u01a1n 17 tri\u1ec7u ng\u01b0\u1eddi s\u1eed d\u1ee5ng th\u00ec m\u1edbi c\u00f3 th\u1ec3 h\u00ecnh dung \u0111\u01b0\u1ee3c m\u1ee9c \u0111\u1ed9 v\u0129 m\u00f4 c\u1ee7a nh\u00e0 c\u00e1i n\u00e0y.\u00a0<\/span><\/p>\n<p style=\"text-align: justify;\"><span style=\"font-weight: 400;\">N\u00f3i v\u1ec1 th\u1ecb tr\u01b0\u1eddng c\u00e1 \u0111\u1ed9 tr\u1ef1c tuy\u1ebfn hi\u1ec7n nay, <\/span><span style=\"font-weight: 400;\"><b>OKVIP\u00a0<\/b>ch\u00ednh l\u00e0 m\u1ed9t trong nh\u1eefng th\u01b0\u01a1ng hi\u1ec7u gi\u1eef v\u1ecb tr\u00ed top \u0111\u1ea7u tr\u00ean b\u1ea3ng x\u1ebfp h\u1ea1ng s\u00e2n ch\u01a1i uy t\u00edn. V\u1edbi vi\u1ec7c m\u1edf r\u1ed9ng v\u0103n ph\u00f2ng l\u00e0m vi\u1ec7c tr\u1ea3i r\u1ed9ng ra h\u01a1n 50 qu\u1ed1c gia to\u00e0n th\u1ebf gi\u1edbi v\u00e0 li\u00ean k\u1ebft v\u1edbi nhi\u1ec1u c\u00e2u l\u1ea1c b\u1ed9 th\u1ec3 thao n\u1ed5i ti\u1ebfng hi\u1ec7n nay nh\u01b0: \u0110\u1ed9i b\u00f3ng \u0110\u1ee9c FC Schalke 04, West Bromwich Albion, \u0110\u1ed9i b\u00f3ng Anh t\u1ea1i Premier League v\u00e0 Manchester City, nh\u00e0 c\u00e1i \u0111\u00e3 th\u00e0nh c\u00f4ng ph\u00e1t tri\u1ec3n v\u00e0 mang \u0111\u1ebfn \u0111a d\u1ea1ng c\u00e1c d\u1ecbch v\u1ee5, s\u1ea3n ph\u1ea9m c\u00e1 \u0111\u1ed9 uy t\u00edn v\u00e0 ch\u1ea5t l\u01b0\u1ee3ng cho th\u00e0nh vi\u00ean c\u1ee7a m\u00ecnh.<\/span><\/p>\n<p><style>\n#text-382060153 {<br \/>\n  text-align: left;<br \/>\n  color: rgb(255,255,255);<br \/>\n}<br \/>\n#text-382060153 > * {<br \/>\n  color: rgb(255,255,255);<br \/>\n}<br \/>\n<\/style><\/p>\n\n\t\t<\/div>\n\t\t\t\t\t<\/div>\n\n\t\n\n\t<div id=\"col-1349039943\" class=\"col medium-5 small-12 large-5\"  >\n\t\t\t\t<div class=\"col-inner text-center\"  >\n\t\t\t\n\t\t\t\n\n\t<div class=\"img has-hover x md-x lg-x y md-y lg-y\" id=\"image_1545347218\">\n\t\t\t\t\t\t\t\t<div class=\"img-inner dark\" style=\"margin:0px 0px 0px 0px;\">\n\t\t\t<img loading=\"lazy\" decoding=\"async\" width=\"840\" height=\"472\" src=\"https:\/\/okvip88.club\/wp-content\/uploads\/2024\/10\/1725607172535.png\" class=\"attachment-large size-large\" alt=\"\" srcset=\"https:\/\/okvip88.club\/wp-content\/uploads\/2024\/10\/1725607172535.png 840w, https:\/\/okvip88.club\/wp-content\/uploads\/2024\/10\/1725607172535-300x169.png 300w, https:\/\/okvip88.club\/wp-content\/uploads\/2024\/10\/1725607172535-768x432.png 768w\" sizes=\"auto, (max-width: 840px) 100vw, 840px\" \/>\t\t\t\t\t\t\n\t\t\t\t\t<\/div>\n\t\t\t\t\t\t\t\t\n<style>\n#image_1545347218 {\n  width: 100%;\n}\n<\/style>\n\t<\/div>\n\t\n\n\n\t\t<\/div>\n\t\t\t\t\n<style>\n#col-1349039943 > .col-inner {\n  margin: 36px 36px 36px 36px;\n}\n<\/style>\n\t<\/div>\n\n\t\n\n<\/div>\n<div class=\"row\"  id=\"row-111567098\">\n\n\n\t<div id=\"col-994232564\" class=\"col small-12 large-12\"  >\n\t\t\t\t<div class=\"col-inner\"  >\n\t\t\t\n\t\t\t\n\n<p class=\"text-1\" style=\"text-align: center;\"><span style=\"font-size: 110%; color: #ffffff;\">\u0110\u0103ng k\u00fd Nh\u01b0 Th\u1ebf N\u00e0o<\/span><\/p>\n<p class=\"text-2\" style=\"text-align: center;\"><span style=\"color: #f7921a;\"><strong><span style=\"font-size: 150%;\">Ch\u00e0o M\u1eebng \u0110\u1ebfn V\u1edbi OKVIP<\/span><\/strong><\/span><\/p>\n\n\t\t<\/div>\n\t\t\t\t\t<\/div>\n\n\t\n\n\t<div id=\"col-1625214099\" class=\"col sage6789 medium-3 small-6 large-3\"  >\n\t\t\t\t<div class=\"col-inner\"  >\n\t\t\t\n\t<div class=\"is-border\"\n\t\tstyle=\"border-color:rgb(255, 0, 0);border-radius:9px;border-width:1px 1px 1px 1px;\">\n\t<\/div>\n\t\t\t\n\n\t<div class=\"box has-hover   has-hover box-text-bottom\" >\n\n\t\t<div class=\"box-image\" style=\"width:27%;\">\n\t\t\t\t\t\t<div class=\"\" >\n\t\t\t\t<img loading=\"lazy\" decoding=\"async\" width=\"228\" height=\"228\" src=\"https:\/\/okvip88.club\/wp-content\/uploads\/2024\/10\/1-1.png\" class=\"attachment- size-\" alt=\"\" srcset=\"https:\/\/okvip88.club\/wp-content\/uploads\/2024\/10\/1-1.png 228w, https:\/\/okvip88.club\/wp-content\/uploads\/2024\/10\/1-1-150x150.png 150w\" sizes=\"auto, (max-width: 228px) 100vw, 228px\" \/>\t\t\t\t\t\t\t\t\t\t\t<\/div>\n\t\t\t\t\t<\/div>\n\n\t\t<div class=\"box-text text-center\" >\n\t\t\t<div class=\"box-text-inner\">\n\t\t\t\t\n\n<p>Nh\u1ea5p v\u00e0o tham gia ngay. \u0110i\u1ec1n th\u00f4ng tin \u0111\u0103ng nh\u1eadp c\u1ee7a b\u1ea1n<\/p>\n\n\t\t\t<\/div>\n\t\t<\/div>\n\t<\/div>\n\t\n\n\t\t<\/div>\n\t\t\t\t\t<\/div>\n\n\t\n\n\t<div id=\"col-2063016007\" class=\"col sage6789 medium-3 small-6 large-3\"  >\n\t\t\t\t<div class=\"col-inner\"  >\n\t\t\t\n\t<div class=\"is-border\"\n\t\tstyle=\"border-color:rgb(103, 228, 158);border-radius:9px;border-width:1px 1px 1px 1px;\">\n\t<\/div>\n\t\t\t\n\n\t<div class=\"box has-hover   has-hover box-text-bottom\" >\n\n\t\t<div class=\"box-image\" style=\"width:27%;\">\n\t\t\t\t\t\t<div class=\"\" >\n\t\t\t\t<img loading=\"lazy\" decoding=\"async\" width=\"228\" height=\"228\" src=\"https:\/\/okvip88.club\/wp-content\/uploads\/2024\/10\/new-icon-2.png\" class=\"attachment- size-\" alt=\"\" srcset=\"https:\/\/okvip88.club\/wp-content\/uploads\/2024\/10\/new-icon-2.png 228w, https:\/\/okvip88.club\/wp-content\/uploads\/2024\/10\/new-icon-2-150x150.png 150w\" sizes=\"auto, (max-width: 228px) 100vw, 228px\" \/>\t\t\t\t\t\t\t\t\t\t\t<\/div>\n\t\t\t\t\t<\/div>\n\n\t\t<div class=\"box-text text-center\" >\n\t\t\t<div class=\"box-text-inner\">\n\t\t\t\t\n\n<p>Th\u1ef1c hi\u1ec7n kho\u1ea3n ti\u1ec1n g\u1eedi \u0111\u1ea7u ti\u00ean c\u1ee7a b\u1ea1n b\u1eb1ng ti\u1ec1n t\u1ec7 b\u1ea1n s\u1eed d\u1ee5ng ho\u1eb7c chuy\u1ec3n kho\u1ea3n ti\u1ec1n \u0111i\u1ec7n t\u1eed<\/p>\n\n\t\t\t<\/div>\n\t\t<\/div>\n\t<\/div>\n\t\n\n\t\t<\/div>\n\t\t\t\t\t<\/div>\n\n\t\n\n\t<div id=\"col-1134411087\" class=\"col sage6789 medium-3 small-6 large-3\"  >\n\t\t\t\t<div class=\"col-inner\"  >\n\t\t\t\n\t<div class=\"is-border\"\n\t\tstyle=\"border-color:rgb(247, 146, 26);border-radius:9px;border-width:1px 1px 1px 1px;\">\n\t<\/div>\n\t\t\t\n\n\t<div class=\"box has-hover   has-hover box-text-bottom\" >\n\n\t\t<div class=\"box-image\" style=\"width:27%;\">\n\t\t\t\t\t\t<div class=\"\" >\n\t\t\t\t<img loading=\"lazy\" decoding=\"async\" width=\"238\" height=\"201\" src=\"https:\/\/okvip88.club\/wp-content\/uploads\/2024\/10\/new-icon-3.png\" class=\"attachment- size-\" alt=\"\" \/>\t\t\t\t\t\t\t\t\t\t\t<\/div>\n\t\t\t\t\t<\/div>\n\n\t\t<div class=\"box-text text-center\" >\n\t\t\t<div class=\"box-text-inner\">\n\t\t\t\t\n\n<p>\u0110\u1eebng qu\u00ean nh\u1eadn ti\u1ec1n th\u01b0\u1edfng c\u1ee7a b\u1ea1n<\/p>\n\n\t\t\t<\/div>\n\t\t<\/div>\n\t<\/div>\n\t\n\n\t\t<\/div>\n\t\t\t\t\t<\/div>\n\n\t\n\n\t<div id=\"col-1195123562\" class=\"col sage6789 medium-3 small-6 large-3\"  >\n\t\t\t\t<div class=\"col-inner\"  >\n\t\t\t\n\t<div class=\"is-border\"\n\t\tstyle=\"border-color:rgb(251, 184, 19);border-radius:9px;border-width:1px 1px 1px 1px;\">\n\t<\/div>\n\t\t\t\n\n\t<div class=\"box has-hover   has-hover box-text-bottom\" >\n\n\t\t<div class=\"box-image\" style=\"width:27%;\">\n\t\t\t\t\t\t<div class=\"\" >\n\t\t\t\t<img loading=\"lazy\" decoding=\"async\" width=\"228\" height=\"228\" src=\"https:\/\/okvip88.club\/wp-content\/uploads\/2024\/10\/1-1.png\" class=\"attachment- size-\" alt=\"\" srcset=\"https:\/\/okvip88.club\/wp-content\/uploads\/2024\/10\/1-1.png 228w, https:\/\/okvip88.club\/wp-content\/uploads\/2024\/10\/1-1-150x150.png 150w\" sizes=\"auto, (max-width: 228px) 100vw, 228px\" \/>\t\t\t\t\t\t\t\t\t\t\t<\/div>\n\t\t\t\t\t<\/div>\n\n\t\t<div class=\"box-text text-center\" >\n\t\t\t<div class=\"box-text-inner\">\n\t\t\t\t\n\n<p>B\u1eaft \u0111\u1ea7u chi\u1ebfn th\u1eafng khi ch\u01a1i c\u00e1c tr\u00f2 ch\u01a1i y\u00eau th\u00edch c\u1ee7a b\u1ea1n<\/p>\n\n\t\t\t<\/div>\n\t\t<\/div>\n\t<\/div>\n\t\n\n\t\t<\/div>\n\t\t\t\t\t<\/div>\n\n\t\n\n\t<div id=\"col-1969762444\" class=\"col hide-for-small small-12 large-12\"  >\n\t\t\t\t<div class=\"col-inner\"  >\n\t\t\t\n\t\t\t\n\n<div class=\"is-divider divider clearfix\" style=\"max-width:1195px;\"><\/div>\n\n<div class=\"row\"  id=\"row-481306868\">\n\n\n\t<div id=\"col-741643231\" class=\"col medium-3 small-6 large-3\"  >\n\t\t\t\t<div class=\"col-inner\"  >\n\t\t\t\n\t\t\t\n\n\t<div id=\"text-3402453142\" class=\"text\">\n\t\t\n\n<p>T\u1ea1o t\u00e0i kho\u1ea3n<\/p>\n\t\t\n<style>\n#text-3402453142 {\n  text-align: center;\n  color: rgb(199, 0, 0);\n}\n#text-3402453142 > * {\n  color: rgb(199, 0, 0);\n}\n<\/style>\n\t<\/div>\n\t\n\n\t\t<\/div>\n\t\t\t\t\t<\/div>\n\n\t\n\n\t<div id=\"col-1965515279\" class=\"col medium-3 small-6 large-3\"  >\n\t\t\t\t<div class=\"col-inner\"  >\n\t\t\t\n\t\t\t\n\n\t<div id=\"text-140377099\" class=\"text\">\n\t\t\n\n<p>G\u1eedi ti\u1ec1n<\/p>\n\t\t\n<style>\n#text-140377099 {\n  text-align: center;\n  color: rgb(80, 197, 131);\n}\n#text-140377099 > * {\n  color: rgb(80, 197, 131);\n}\n<\/style>\n\t<\/div>\n\t\n\n\t\t<\/div>\n\t\t\t\t\t<\/div>\n\n\t\n\n\t<div id=\"col-1086303271\" class=\"col medium-3 small-6 large-3\"  >\n\t\t\t\t<div class=\"col-inner\"  >\n\t\t\t\n\t\t\t\n\n\t<div id=\"text-373582288\" class=\"text\">\n\t\t\n\n<p>B\u1eaft \u0111\u1ea7u chi\u1ebfn th\u1eafng<\/p>\n\t\t\n<style>\n#text-373582288 {\n  text-align: center;\n  color: rgb(247, 146, 26);\n}\n#text-373582288 > * {\n  color: rgb(247, 146, 26);\n}\n<\/style>\n\t<\/div>\n\t\n\n\t\t<\/div>\n\t\t\t\t\t<\/div>\n\n\t\n\n\t<div id=\"col-1832017031\" class=\"col medium-3 small-6 large-3\"  >\n\t\t\t\t<div class=\"col-inner\"  >\n\t\t\t\n\t\t\t\n\n\t<div id=\"text-565979239\" class=\"text\">\n\t\t\n\n<p>Nh\u1eadn th\u01b0\u1edfng<\/p>\n\t\t\n<style>\n#text-565979239 {\n  text-align: center;\n  color: rgb(249, 177, 0);\n}\n#text-565979239 > * {\n  color: rgb(249, 177, 0);\n}\n<\/style>\n\t<\/div>\n\t\n\n\t\t<\/div>\n\t\t\t\t\t<\/div>\n\n\t\n\n<\/div>\n\n\t\t<\/div>\n\t\t\t\t\t<\/div>\n\n\t\n\n<\/div>\n\n","protected":false},"excerpt":{"rendered":"","protected":false},"author":1,"featured_media":0,"parent":0,"menu_order":0,"comment_status":"closed","ping_status":"closed","template":"page-blank.php","meta":{"rank_math_lock_modified_date":false,"footnotes":""},"class_list":["post-81","page","type-page","status-publish","hentry"],"_links":{"self":[{"href":"https:\/\/okvip88.club\/index.php\/wp-json\/wp\/v2\/pages\/81","targetHints":{"allow":["GET"]}}],"collection":[{"href":"https:\/\/okvip88.club\/index.php\/wp-json\/wp\/v2\/pages"}],"about":[{"href":"https:\/\/okvip88.club\/index.php\/wp-json\/wp\/v2\/types\/page"}],"author":[{"embeddable":true,"href":"https:\/\/okvip88.club\/index.php\/wp-json\/wp\/v2\/users\/1"}],"replies":[{"embeddable":true,"href":"https:\/\/okvip88.club\/index.php\/wp-json\/wp\/v2\/comments?post=81"}],"version-history":[{"count":36,"href":"https:\/\/okvip88.club\/index.php\/wp-json\/wp\/v2\/pages\/81\/revisions"}],"predecessor-version":[{"id":149,"href":"https:\/\/okvip88.club\/index.php\/wp-json\/wp\/v2\/pages\/81\/revisions\/149"}],"wp:attachment":[{"href":"https:\/\/okvip88.club\/index.php\/wp-json\/wp\/v2\/media?parent=81"}],"curies":[{"name":"wp","href":"https:\/\/api.w.org\/{rel}","templated":true}]}}